{"id":207,"date":"2024-11-12T08:49:40","date_gmt":"2024-11-12T08:49:40","guid":{"rendered":"https:\/\/nabuko.ch\/conditions-dutilisation\/"},"modified":"2024-11-12T08:49:40","modified_gmt":"2024-11-12T08:49:40","slug":"conditions-dutilisation","status":"publish","type":"page","link":"https:\/\/nabuko.ch\/fr\/conditions-dutilisation\/","title":{"rendered":"Conditions d&rsquo;utilisation"},"content":{"rendered":"<h2>Introduction<\/h2>\n<p>La confidentialit\u00e9 des visiteurs de notre site web est tr\u00e8s importante pour nous, et nous nous engageons \u00e0 la prot\u00e9ger. Nous traitons vos donn\u00e9es personnelles conform\u00e9ment aux dispositions l\u00e9gales en mati\u00e8re de protection des donn\u00e9es et \u00e0 la pr\u00e9sente d\u00e9claration de protection des donn\u00e9es. <\/p>\n<h2>Collecte d&rsquo;informations personnelles<\/h2>\n<p>Nous collectons des informations personnelles telles que nom, adresse e-mail, num\u00e9ro de t\u00e9l\u00e9phone, adresse postale, etc., uniquement lorsque vous nous les fournissez volontairement au travers de formulaires. Nous pourrions utiliser ces informations pour vous contacter afin de r\u00e9pondre \u00e0 vos demandes ou pour vous envoyer des informations importantes. <\/p>\n<h2>Partage d&rsquo;informations personnelles<\/h2>\n<p>Nous ne partageons pas les informations personnelles des visiteurs de notre site web avec des tiers, sauf si nous y sommes contraints par la loi.<\/p>\n<h2>Consentement<\/h2>\n<p>En utilisant notre site web, vous consentez \u00e0 notre collecte et utilisation de vos informations personnelles conform\u00e9ment \u00e0 cette politique de confidentialit\u00e9. Si vous ne consentez pas \u00e0 cette collecte et utilisation, veuillez ne pas utiliser notre site web. <\/p>\n<h2>S\u00e9curit\u00e9<\/h2>\n<p>Nous prenons des mesures de s\u00e9curit\u00e9 appropri\u00e9es pour prot\u00e9ger les informations personnelles des visiteurs de notre site web contre la perte, l&rsquo;utilisation abusive ou la modification non autoris\u00e9e. Cependant, aucune m\u00e9thode de transmission ou de stockage n\u2019est compl\u00e8tement s\u00e9curis\u00e9e. Bien que nous nous efforcions de prot\u00e9ger vos informations personnelles, nous ne pouvons pas garantir leur s\u00e9curit\u00e9 absolue.  <\/p>\n<h2>Liens vers d&rsquo;autres sites web<\/h2>\n<p>Notre site web peut contenir des liens vers d&rsquo;autres sites web. Nous ne sommes pas responsables des pratiques de confidentialit\u00e9 ou du contenu de ces sites web. Nous vous recommandons de lire la politique de confidentialit\u00e9 de tout site web que vous visitez.  <\/p>\n<h2>Droit d&rsquo;opposition, de retrait et d\u2019acc\u00e8s<\/h2>\n<p>En vertu des lois applicables en mati\u00e8re de protection des donn\u00e9es, vous avez certains droits en ce qui concerne les informations personnelles que nous d\u00e9tenons \u00e0 votre sujet. Si vous souhaitez exercer l&rsquo;un de ces droits, veuillez nous contacter \u00e0 l&rsquo;adresse e-mail sp\u00e9cifi\u00e9e en bas de page<br \/>Le droit d&rsquo;opposition s&rsquo;entend comme \u00e9tant la possibilit\u00e9 offerte aux utilisateurs de refuser que leurs renseignements personnels soient utilis\u00e9es \u00e0 certaines fins mentionn\u00e9es lors de la collecte.<br \/>Le droit de retrait s&rsquo;entend comme \u00e9tant la possibilit\u00e9 offerte aux utilisateurs de demander \u00e0 ce que leurs renseignements personnels ne figurent plus, par exemple, dans une liste de diffusion.<br \/>Le droit d\u2019acc\u00e8s s\u2019entend comment \u00e9tant la possibilit\u00e9 offerte aux utilisateurs de demander une copie des informations personnelles que nous d\u00e9tenons \u00e0 leurs sujet. <\/p>\n<h2>Modifications de la politique de confidentialit\u00e9<\/h2>\n<p>Nous nous r\u00e9servons le droit de modifier cette politique de confidentialit\u00e9 \u00e0 tout moment. Les modifications entreront en vigueur d\u00e8s leur publication sur notre site web. <\/p>\n<h2>Contact<\/h2>\n<p>Si vous avez des questions concernant notre politique de confidentialit\u00e9, n&rsquo;h\u00e9sitez pas \u00e0 nous contacter \u00e0 l&rsquo;adresse e-mail suivante : info@nabuko.ch.<\/p>\n<p><!-- notionvc: 5395efab-b0af-4ba2-bc04-2933c020419d --><\/p>\n","protected":false},"excerpt":{"rendered":"<p>Introduction La confidentialit\u00e9 des visiteurs de notre site web est tr\u00e8s importante pour nous, et nous nous engageons \u00e0 la prot\u00e9ger. Nous traitons vos donn\u00e9es personnelles conform\u00e9ment aux dispositions l\u00e9gales en mati\u00e8re de protection des donn\u00e9es et \u00e0 la pr\u00e9sente d\u00e9claration de protection des donn\u00e9es. Collecte d&rsquo;informations personnelles Nous collectons des informations personnelles telles que [&hellip;]<\/p>\n","protected":false},"author":5,"featured_media":0,"parent":0,"menu_order":0,"comment_status":"closed","ping_status":"closed","template":"template-legal.php","meta":{"_acf_changed":false,"footnotes":""},"class_list":["post-207","page","type-page","status-publish","hentry"],"acf":[],"yoast_head":"<!-- This site is optimized with the Yoast SEO plugin v27.6 - https:\/\/yoast.com\/product\/yoast-seo-wordpress\/ -->\n<title>Conditions d&#039;utilisation - Nabuko<\/title>\n<meta name=\"robots\" content=\"index, follow, max-snippet:-1, max-image-preview:large, max-video-preview:-1\" \/>\n<link rel=\"canonical\" href=\"https:\/\/nabuko.ch\/fr\/conditions-dutilisation\/\" \/>\n<meta property=\"og:locale\" content=\"fr_FR\" \/>\n<meta property=\"og:type\" content=\"article\" \/>\n<meta property=\"og:title\" content=\"Conditions d&#039;utilisation - Nabuko\" \/>\n<meta property=\"og:description\" content=\"Introduction La confidentialit\u00e9 des visiteurs de notre site web est tr\u00e8s importante pour nous, et nous nous engageons \u00e0 la prot\u00e9ger. Nous traitons vos donn\u00e9es personnelles conform\u00e9ment aux dispositions l\u00e9gales en mati\u00e8re de protection des donn\u00e9es et \u00e0 la pr\u00e9sente d\u00e9claration de protection des donn\u00e9es. Collecte d&rsquo;informations personnelles Nous collectons des informations personnelles telles que [&hellip;]\" \/>\n<meta property=\"og:url\" content=\"https:\/\/nabuko.ch\/fr\/conditions-dutilisation\/\" \/>\n<meta property=\"og:site_name\" content=\"Nabuko\" \/>\n<meta property=\"og:image\" content=\"https:\/\/nabuko.ch\/wp-content\/uploads\/2024\/11\/Nabuko_opengraph.jpg\" \/>\n\t<meta property=\"og:image:width\" content=\"2400\" \/>\n\t<meta property=\"og:image:height\" content=\"1260\" \/>\n\t<meta property=\"og:image:type\" content=\"image\/jpeg\" \/>\n<meta name=\"twitter:card\" content=\"summary_large_image\" \/>\n<meta name=\"twitter:label1\" content=\"Dur\u00e9e de lecture estim\u00e9e\" \/>\n\t<meta name=\"twitter:data1\" content=\"2 minutes\" \/>\n<script type=\"application\/ld+json\" class=\"yoast-schema-graph\">{\"@context\":\"https:\\\/\\\/schema.org\",\"@graph\":[{\"@type\":\"WebPage\",\"@id\":\"https:\\\/\\\/nabuko.ch\\\/fr\\\/conditions-dutilisation\\\/\",\"url\":\"https:\\\/\\\/nabuko.ch\\\/fr\\\/conditions-dutilisation\\\/\",\"name\":\"Conditions d'utilisation - Nabuko\",\"isPartOf\":{\"@id\":\"https:\\\/\\\/nabuko.ch\\\/fr\\\/#website\"},\"datePublished\":\"2024-11-12T08:49:40+00:00\",\"breadcrumb\":{\"@id\":\"https:\\\/\\\/nabuko.ch\\\/fr\\\/conditions-dutilisation\\\/#breadcrumb\"},\"inLanguage\":\"fr-FR\",\"potentialAction\":[{\"@type\":\"ReadAction\",\"target\":[\"https:\\\/\\\/nabuko.ch\\\/fr\\\/conditions-dutilisation\\\/\"]}]},{\"@type\":\"BreadcrumbList\",\"@id\":\"https:\\\/\\\/nabuko.ch\\\/fr\\\/conditions-dutilisation\\\/#breadcrumb\",\"itemListElement\":[{\"@type\":\"ListItem\",\"position\":1,\"name\":\"Home\",\"item\":\"https:\\\/\\\/nabuko.ch\\\/fr\\\/\"},{\"@type\":\"ListItem\",\"position\":2,\"name\":\"Conditions d&#8217;utilisation\"}]},{\"@type\":\"WebSite\",\"@id\":\"https:\\\/\\\/nabuko.ch\\\/fr\\\/#website\",\"url\":\"https:\\\/\\\/nabuko.ch\\\/fr\\\/\",\"name\":\"Nabuko\",\"description\":\"Grandes surfaces de bureaux et laboratoires d\u00e8s 600 m\u00b2 \u00e0 deux pas de l\u2019EPFL \u2013 livraison 2026\",\"publisher\":{\"@id\":\"https:\\\/\\\/nabuko.ch\\\/fr\\\/#organization\"},\"potentialAction\":[{\"@type\":\"SearchAction\",\"target\":{\"@type\":\"EntryPoint\",\"urlTemplate\":\"https:\\\/\\\/nabuko.ch\\\/fr\\\/?s={search_term_string}\"},\"query-input\":{\"@type\":\"PropertyValueSpecification\",\"valueRequired\":true,\"valueName\":\"search_term_string\"}}],\"inLanguage\":\"fr-FR\"},{\"@type\":\"Organization\",\"@id\":\"https:\\\/\\\/nabuko.ch\\\/fr\\\/#organization\",\"name\":\"Nabuko\",\"url\":\"https:\\\/\\\/nabuko.ch\\\/fr\\\/\",\"logo\":{\"@type\":\"ImageObject\",\"inLanguage\":\"fr-FR\",\"@id\":\"https:\\\/\\\/nabuko.ch\\\/fr\\\/#\\\/schema\\\/logo\\\/image\\\/\",\"url\":\"https:\\\/\\\/nabuko.ch\\\/wp-content\\\/uploads\\\/2024\\\/11\\\/Nabuko_logo_696.jpg\",\"contentUrl\":\"https:\\\/\\\/nabuko.ch\\\/wp-content\\\/uploads\\\/2024\\\/11\\\/Nabuko_logo_696.jpg\",\"width\":696,\"height\":696,\"caption\":\"Nabuko\"},\"image\":{\"@id\":\"https:\\\/\\\/nabuko.ch\\\/fr\\\/#\\\/schema\\\/logo\\\/image\\\/\"}}]}<\/script>\n<!-- \/ Yoast SEO plugin. -->","yoast_head_json":{"title":"Conditions d'utilisation - Nabuko","robots":{"index":"index","follow":"follow","max-snippet":"max-snippet:-1","max-image-preview":"max-image-preview:large","max-video-preview":"max-video-preview:-1"},"canonical":"https:\/\/nabuko.ch\/fr\/conditions-dutilisation\/","og_locale":"fr_FR","og_type":"article","og_title":"Conditions d'utilisation - Nabuko","og_description":"Introduction La confidentialit\u00e9 des visiteurs de notre site web est tr\u00e8s importante pour nous, et nous nous engageons \u00e0 la prot\u00e9ger. Nous traitons vos donn\u00e9es personnelles conform\u00e9ment aux dispositions l\u00e9gales en mati\u00e8re de protection des donn\u00e9es et \u00e0 la pr\u00e9sente d\u00e9claration de protection des donn\u00e9es. Collecte d&rsquo;informations personnelles Nous collectons des informations personnelles telles que [&hellip;]","og_url":"https:\/\/nabuko.ch\/fr\/conditions-dutilisation\/","og_site_name":"Nabuko","og_image":[{"width":2400,"height":1260,"url":"https:\/\/nabuko.ch\/wp-content\/uploads\/2024\/11\/Nabuko_opengraph.jpg","type":"image\/jpeg"}],"twitter_card":"summary_large_image","twitter_misc":{"Dur\u00e9e de lecture estim\u00e9e":"2 minutes"},"schema":{"@context":"https:\/\/schema.org","@graph":[{"@type":"WebPage","@id":"https:\/\/nabuko.ch\/fr\/conditions-dutilisation\/","url":"https:\/\/nabuko.ch\/fr\/conditions-dutilisation\/","name":"Conditions d'utilisation - Nabuko","isPartOf":{"@id":"https:\/\/nabuko.ch\/fr\/#website"},"datePublished":"2024-11-12T08:49:40+00:00","breadcrumb":{"@id":"https:\/\/nabuko.ch\/fr\/conditions-dutilisation\/#breadcrumb"},"inLanguage":"fr-FR","potentialAction":[{"@type":"ReadAction","target":["https:\/\/nabuko.ch\/fr\/conditions-dutilisation\/"]}]},{"@type":"BreadcrumbList","@id":"https:\/\/nabuko.ch\/fr\/conditions-dutilisation\/#breadcrumb","itemListElement":[{"@type":"ListItem","position":1,"name":"Home","item":"https:\/\/nabuko.ch\/fr\/"},{"@type":"ListItem","position":2,"name":"Conditions d&#8217;utilisation"}]},{"@type":"WebSite","@id":"https:\/\/nabuko.ch\/fr\/#website","url":"https:\/\/nabuko.ch\/fr\/","name":"Nabuko","description":"Grandes surfaces de bureaux et laboratoires d\u00e8s 600 m\u00b2 \u00e0 deux pas de l\u2019EPFL \u2013 livraison 2026","publisher":{"@id":"https:\/\/nabuko.ch\/fr\/#organization"},"potentialAction":[{"@type":"SearchAction","target":{"@type":"EntryPoint","urlTemplate":"https:\/\/nabuko.ch\/fr\/?s={search_term_string}"},"query-input":{"@type":"PropertyValueSpecification","valueRequired":true,"valueName":"search_term_string"}}],"inLanguage":"fr-FR"},{"@type":"Organization","@id":"https:\/\/nabuko.ch\/fr\/#organization","name":"Nabuko","url":"https:\/\/nabuko.ch\/fr\/","logo":{"@type":"ImageObject","inLanguage":"fr-FR","@id":"https:\/\/nabuko.ch\/fr\/#\/schema\/logo\/image\/","url":"https:\/\/nabuko.ch\/wp-content\/uploads\/2024\/11\/Nabuko_logo_696.jpg","contentUrl":"https:\/\/nabuko.ch\/wp-content\/uploads\/2024\/11\/Nabuko_logo_696.jpg","width":696,"height":696,"caption":"Nabuko"},"image":{"@id":"https:\/\/nabuko.ch\/fr\/#\/schema\/logo\/image\/"}}]}},"_links":{"self":[{"href":"https:\/\/nabuko.ch\/fr\/wp-json\/wp\/v2\/pages\/207","targetHints":{"allow":["GET"]}}],"collection":[{"href":"https:\/\/nabuko.ch\/fr\/wp-json\/wp\/v2\/pages"}],"about":[{"href":"https:\/\/nabuko.ch\/fr\/wp-json\/wp\/v2\/types\/page"}],"author":[{"embeddable":true,"href":"https:\/\/nabuko.ch\/fr\/wp-json\/wp\/v2\/users\/5"}],"replies":[{"embeddable":true,"href":"https:\/\/nabuko.ch\/fr\/wp-json\/wp\/v2\/comments?post=207"}],"version-history":[{"count":0,"href":"https:\/\/nabuko.ch\/fr\/wp-json\/wp\/v2\/pages\/207\/revisions"}],"wp:attachment":[{"href":"https:\/\/nabuko.ch\/fr\/wp-json\/wp\/v2\/media?parent=207"}],"curies":[{"name":"wp","href":"https:\/\/api.w.org\/{rel}","templated":true}]}}